{"id":68,"date":"2024-08-04T07:44:00","date_gmt":"2024-08-04T07:44:00","guid":{"rendered":"https:\/\/themexriver.com\/wp\/indsro\/?page_id=68"},"modified":"2025-03-30T19:28:24","modified_gmt":"2025-03-30T19:28:24","slug":"contato","status":"publish","type":"page","link":"https:\/\/draftsolutions.com.br\/en\/contato\/","title":{"rendered":"Contact"},"content":{"rendered":"<div data-elementor-type=\"wp-page\" data-elementor-id=\"68\" class=\"elementor elementor-68\" data-elementor-post-type=\"page\">\n\t\t\t\t<div class=\"elementor-element elementor-element-af0330f e-flex e-con-boxed e-con e-parent\" data-id=\"af0330f\" data-element_type=\"container\" data-e-type=\"container\">\n\t\t\t\t\t<div class=\"e-con-inner\">\n\t\t<div class=\"elementor-element elementor-element-0cbc0c5 e-con-full e-flex e-con e-child\" data-id=\"0cbc0c5\" data-element_type=\"container\" data-e-type=\"container\">\n\t\t\t\t<div class=\"elementor-element elementor-element-c8a1fed elementor-widget elementor-widget-tx_heading elh-el tx_heading\" data-id=\"c8a1fed\" data-element_type=\"widget\" data-e-type=\"widget\" data-settings=\"{&quot;design_style&quot;:&quot;style_1&quot;}\" data-widget_type=\"tx_heading.default\">\n\t\t\t\t<div class=\"elementor-widget-container\">\n\t\t\t\t\t<div class=\"services-title-wrap tx-heading-section\">\r\n        <h5 class=\"fti-subtitle-4 tx-subTitle\">Contact<\/h5>\r\n    <h2 class=\"tx-title fti-section-title-4 fti-split-text fti-split-in-right-4\">Get in Touch<\/h2>    <\/div>\t\t\t\t<\/div>\n\t\t\t\t<\/div>\n\t\t\t\t<div class=\"elementor-element elementor-element-c8a45a1 elementor-widget__width-initial elementor-widget elementor-widget-text-editor\" data-id=\"c8a45a1\" data-element_type=\"widget\" data-e-type=\"widget\" data-widget_type=\"text-editor.default\">\n\t\t\t\t<div class=\"elementor-widget-container\">\n\t\t\t\t\t\t\t\t\t<p>At Draft Solutions, we prioritize open communication with our partners, employees, and the broader community. We value your opinion, feedback, and suggestions. Please leave your message below.<\/p>\t\t\t\t\t\t\t\t<\/div>\n\t\t\t\t<\/div>\n\t\t\t\t<\/div>\n\t\t\t\t\t<\/div>\n\t\t\t\t<\/div>\n\t\t<div class=\"elementor-element elementor-element-620587e e-flex e-con-boxed e-con e-parent\" data-id=\"620587e\" data-element_type=\"container\" data-e-type=\"container\">\n\t\t\t\t\t<div class=\"e-con-inner\">\n\t\t<div class=\"elementor-element elementor-element-7939947 e-con-full e-flex e-con e-child\" data-id=\"7939947\" data-element_type=\"container\" data-e-type=\"container\" data-settings=\"{&quot;background_background&quot;:&quot;classic&quot;}\">\n\t\t<div class=\"elementor-element elementor-element-dbdb470 e-con-full e-flex e-con e-child\" data-id=\"dbdb470\" data-element_type=\"container\" data-e-type=\"container\">\n\t\t\t\t<div class=\"elementor-element elementor-element-fad4aab elementor-widget elementor-widget-heading\" data-id=\"fad4aab\" data-element_type=\"widget\" data-e-type=\"widget\" data-widget_type=\"heading.default\">\n\t\t\t\t<div class=\"elementor-widget-container\">\n\t\t\t\t\t<h2 class=\"elementor-heading-title elementor-size-default\">Contact Form<\/h2>\t\t\t\t<\/div>\n\t\t\t\t<\/div>\n\t\t\t\t<div class=\"elementor-element elementor-element-0a23c05 elementor-button-align-center elementor-widget elementor-widget-form\" data-id=\"0a23c05\" data-element_type=\"widget\" data-e-type=\"widget\" data-settings=\"{&quot;step_next_label&quot;:&quot;Next&quot;,&quot;step_previous_label&quot;:&quot;Previous&quot;,&quot;button_width&quot;:&quot;100&quot;,&quot;step_type&quot;:&quot;number_text&quot;,&quot;step_icon_shape&quot;:&quot;circle&quot;}\" data-widget_type=\"form.default\">\n\t\t\t\t<div class=\"elementor-widget-container\">\n\t\t\t\t\t\t\t<form class=\"elementor-form\" method=\"post\" name=\"Formul\u00e1rio Contato\" aria-label=\"Contact Form\" action=\"\">\n\t\t\t<input type=\"hidden\" name=\"post_id\" value=\"68\"\/>\n\t\t\t<input type=\"hidden\" name=\"form_id\" value=\"0a23c05\"\/>\n\t\t\t<input type=\"hidden\" name=\"referer_title\" value=\"Contato - Draft Solutions\" \/>\n\n\t\t\t\t\t\t\t<input type=\"hidden\" name=\"queried_id\" value=\"68\"\/>\n\t\t\t\n\t\t\t<div class=\"elementor-form-fields-wrapper elementor-labels-above\">\n\t\t\t\t\t\t\t\t<div class=\"elementor-field-type-text elementor-field-group elementor-column elementor-field-group-name elementor-col-100 elementor-field-required\">\n\t\t\t\t\t\t\t\t\t\t\t\t<label for=\"form-field-name\" class=\"elementor-field-label\">\n\t\t\t\t\t\t\t\tFirst Name*\t\t\t\t\t\t\t<\/label>\n\t\t\t\t\t\t\t\t\t\t\t\t\t\t<input size=\"1\" type=\"text\" name=\"form_fields[name]\" id=\"form-field-name\" class=\"elementor-field elementor-size-sm  elementor-field-textual\" required=\"required\">\n\t\t\t\t\t\t\t\t\t\t\t<\/div>\n\t\t\t\t\t\t\t\t<div class=\"elementor-field-type-text elementor-field-group elementor-column elementor-field-group-field_556d8c1 elementor-col-100 elementor-field-required\">\n\t\t\t\t\t\t\t\t\t\t\t\t<label for=\"form-field-field_556d8c1\" class=\"elementor-field-label\">\n\t\t\t\t\t\t\t\tPhone*\t\t\t\t\t\t\t<\/label>\n\t\t\t\t\t\t\t\t\t\t\t\t\t\t<input size=\"1\" type=\"text\" name=\"form_fields[field_556d8c1]\" id=\"form-field-field_556d8c1\" class=\"elementor-field elementor-size-sm  elementor-field-textual\" required=\"required\">\n\t\t\t\t\t\t\t\t\t\t\t<\/div>\n\t\t\t\t\t\t\t\t<div class=\"elementor-field-type-email elementor-field-group elementor-column elementor-field-group-email elementor-col-100 elementor-field-required\">\n\t\t\t\t\t\t\t\t\t\t\t\t<label for=\"form-field-email\" class=\"elementor-field-label\">\n\t\t\t\t\t\t\t\tEmail*\t\t\t\t\t\t\t<\/label>\n\t\t\t\t\t\t\t\t\t\t\t\t\t\t<input size=\"1\" type=\"email\" name=\"form_fields[email]\" id=\"form-field-email\" class=\"elementor-field elementor-size-sm  elementor-field-textual\" required=\"required\">\n\t\t\t\t\t\t\t\t\t\t\t<\/div>\n\t\t\t\t\t\t\t\t<div class=\"elementor-field-type-textarea elementor-field-group elementor-column elementor-field-group-message elementor-col-100\">\n\t\t\t\t\t\t\t\t\t\t\t\t<label for=\"form-field-message\" class=\"elementor-field-label\">\n\t\t\t\t\t\t\t\tMessage\t\t\t\t\t\t\t<\/label>\n\t\t\t\t\t\t<textarea class=\"elementor-field-textual elementor-field  elementor-size-sm\" name=\"form_fields[message]\" id=\"form-field-message\" rows=\"8\" placeholder=\"Digite a sua mensagem\"><\/textarea>\t\t\t\t<\/div>\n\t\t\t\t\t\t\t\t<div class=\"elementor-field-type-recaptcha elementor-field-group elementor-column elementor-field-group-field_f6695dd elementor-col-100\">\n\t\t\t\t\t<div class=\"elementor-field\" id=\"form-field-field_f6695dd\"><div class=\"elementor-g-recaptcha\" data-sitekey=\"6Lf4xgIrAAAAAOJ-NQwcVsYjIALUB9gVjtw9Ne7P\" data-type=\"v2_checkbox\" data-theme=\"light\" data-size=\"normal\"><\/div><\/div>\t\t\t\t<\/div>\n\t\t\t\t\t\t\t\t<div class=\"elementor-field-group elementor-column elementor-field-type-submit elementor-col-100 e-form__buttons\">\n\t\t\t\t\t<button class=\"elementor-button elementor-size-sm\" type=\"submit\">\n\t\t\t\t\t\t<span class=\"elementor-button-content-wrapper\">\n\t\t\t\t\t\t\t\t\t\t\t\t\t\t\t<span class=\"elementor-button-icon\">\n\t\t\t\t\t\t\t\t\t<svg xmlns=\"http:\/\/www.w3.org\/2000\/svg\" width=\"23.707\" height=\"11.811\" viewbox=\"0 0 23.707 11.811\"><g id=\"arrow-subscrever\" transform=\"translate(0 0.354)\"><path id=\"Caminho_185\" data-name=\"Caminho 185\" d=\"M0,0H23\" transform=\"translate(0 5.552)\" fill=\"#fff\" stroke=\"#fff\" stroke-width=\"1\"><\/path><path id=\"Caminho_80\" data-name=\"Caminho 80\" d=\"M11.1,5.552,5.552,0,0,5.552\" transform=\"translate(23) rotate(90)\" fill=\"none\" stroke=\"#fff\" stroke-width=\"1\"><\/path><\/g><\/svg>\t\t\t\t\t\t\t\t\t\t\t\t\t\t\t\t\t<\/span>\n\t\t\t\t\t\t\t\t\t\t\t\t\t\t\t\t\t\t\t\t\t\t<span class=\"elementor-button-text\">Send<\/span>\n\t\t\t\t\t\t\t\t\t\t\t\t\t<\/span>\n\t\t\t\t\t<\/button>\n\t\t\t\t<\/div>\n\t\t\t<\/div>\n\t\t<input type=\"hidden\" name=\"trp-form-language\" value=\"en\"\/><\/form>\n\t\t\t\t\t\t<\/div>\n\t\t\t\t<\/div>\n\t\t\t\t<\/div>\n\t\t\t\t<\/div>\n\t\t\t\t\t<\/div>\n\t\t\t\t<\/div>\n\t\t<div class=\"elementor-element elementor-element-cffbb19 e-flex e-con-boxed e-con e-parent\" data-id=\"cffbb19\" data-element_type=\"container\" data-e-type=\"container\">\n\t\t\t\t\t<div class=\"e-con-inner\">\n\t\t<div class=\"elementor-element elementor-element-525bb4e e-con-full e-flex e-con e-child\" data-id=\"525bb4e\" data-element_type=\"container\" data-e-type=\"container\">\n\t\t\t\t<div class=\"elementor-element elementor-element-d804168 elementor-widget__width-initial elementor-widget elementor-widget-image\" data-id=\"d804168\" data-element_type=\"widget\" data-e-type=\"widget\" data-widget_type=\"image.default\">\n\t\t\t\t<div class=\"elementor-widget-container\">\n\t\t\t\t\t\t\t\t\t\t\t\t\t\t\t<img fetchpriority=\"high\" decoding=\"async\" width=\"640\" height=\"121\" src=\"https:\/\/draftsolutions.com.br\/wp-content\/uploads\/2024\/11\/Logo-Draft-NovaCor-R-1024x193.png\" class=\"attachment-large size-large wp-image-4940\" alt=\"\" srcset=\"https:\/\/draftsolutions.com.br\/wp-content\/uploads\/2024\/11\/Logo-Draft-NovaCor-R-1024x193.png 1024w, https:\/\/draftsolutions.com.br\/wp-content\/uploads\/2024\/11\/Logo-Draft-NovaCor-R-300x57.png 300w, https:\/\/draftsolutions.com.br\/wp-content\/uploads\/2024\/11\/Logo-Draft-NovaCor-R-768x145.png 768w, https:\/\/draftsolutions.com.br\/wp-content\/uploads\/2024\/11\/Logo-Draft-NovaCor-R.png 1394w\" sizes=\"(max-width: 640px) 100vw, 640px\" \/>\t\t\t\t\t\t\t\t\t\t\t\t\t\t\t<\/div>\n\t\t\t\t<\/div>\n\t\t<div class=\"elementor-element elementor-element-ef79d4f e-con-full e-flex e-con e-child\" data-id=\"ef79d4f\" data-element_type=\"container\" data-e-type=\"container\">\n\t\t<div class=\"elementor-element elementor-element-9434da5 e-con-full e-flex e-con e-child\" data-id=\"9434da5\" data-element_type=\"container\" data-e-type=\"container\">\n\t\t\t\t<div class=\"elementor-element elementor-element-7a30a35 elementor-widget elementor-widget-tx_contact_info elh-el tx_contact_info\" data-id=\"7a30a35\" data-element_type=\"widget\" data-e-type=\"widget\" data-settings=\"{&quot;design_style&quot;:&quot;style_4&quot;}\" data-widget_type=\"tx_contact_info.default\">\n\t\t\t\t<div class=\"elementor-widget-container\">\n\t\t\t\t\t<div class=\"fti-contact-us-wrap\">\r\n    <div class=\"action-wrap\">\r\n        <div class=\"action bg-default\" data-background=\"https:\/\/draftsolutions.com.br\/wp-content\/uploads\/2024\/09\/contact-us-bg.webp\">\r\n                        <div class=\"item\">\r\n                                <span class=\"icon\">\r\n                                            <i aria-hidden=\"true\" class=\"fas fa-map-marker-alt\"><\/i>                                    <\/span>\r\n                \r\n                <div>\r\n                                        <h6 class=\"fti-heading-3 action-title\">Headquarter Belo Horizonte<\/h6>\r\n                    \r\n                                        <span class=\"action-text\">Av. Raja Gabaglia, 2660 Estoril \u2014 Belo Horizonte, MG<\/span>\r\n                                    <\/div>\r\n            <\/div>\r\n                    <\/div>\r\n    <\/div>\r\n<\/div>\t\t\t\t<\/div>\n\t\t\t\t<\/div>\n\t\t\t\t<div class=\"elementor-element elementor-element-e7903c8 elementor-widget elementor-widget-tx_contact_info elh-el tx_contact_info\" data-id=\"e7903c8\" data-element_type=\"widget\" data-e-type=\"widget\" data-settings=\"{&quot;design_style&quot;:&quot;style_4&quot;}\" data-widget_type=\"tx_contact_info.default\">\n\t\t\t\t<div class=\"elementor-widget-container\">\n\t\t\t\t\t<div class=\"fti-contact-us-wrap\">\r\n    <div class=\"action-wrap\">\r\n        <div class=\"action bg-default\" data-background=\"https:\/\/draftsolutions.com.br\/wp-content\/uploads\/2024\/09\/contact-us-bg.webp\">\r\n                        <div class=\"item\">\r\n                                <span class=\"icon\">\r\n                                            <i aria-hidden=\"true\" class=\"fas fa-map-marker-alt\"><\/i>                                    <\/span>\r\n                \r\n                <div>\r\n                                        <h6 class=\"fti-heading-3 action-title\">Subsidiary Ipatinga<\/h6>\r\n                    \r\n                                        <span class=\"action-text\">R. Eucaliptos, 220 Horto - Ipatinga, MG<\/span>\r\n                                    <\/div>\r\n            <\/div>\r\n                    <\/div>\r\n    <\/div>\r\n<\/div>\t\t\t\t<\/div>\n\t\t\t\t<\/div>\n\t\t\t\t<div class=\"elementor-element elementor-element-30d7935 elementor-widget elementor-widget-tx_contact_info elh-el tx_contact_info\" data-id=\"30d7935\" data-element_type=\"widget\" data-e-type=\"widget\" data-settings=\"{&quot;design_style&quot;:&quot;style_4&quot;}\" data-widget_type=\"tx_contact_info.default\">\n\t\t\t\t<div class=\"elementor-widget-container\">\n\t\t\t\t\t<div class=\"fti-contact-us-wrap\">\r\n    <div class=\"action-wrap\">\r\n        <div class=\"action bg-default\" data-background=\"https:\/\/draftsolutions.com.br\/wp-content\/uploads\/2024\/09\/contact-us-bg.webp\">\r\n                        <div class=\"item\">\r\n                                <span class=\"icon\">\r\n                                            <i aria-hidden=\"true\" class=\"fas fa-map-marker-alt\"><\/i>                                    <\/span>\r\n                \r\n                <div>\r\n                                        <h6 class=\"fti-heading-3 action-title\">Subsidiary Uberaba<\/h6>\r\n                    \r\n                                        <span class=\"action-text\">Parque Tecnol\u00f3gico de Uberaba \u2013 Uberaba\/MG<\/span>\r\n                                    <\/div>\r\n            <\/div>\r\n                    <\/div>\r\n    <\/div>\r\n<\/div>\t\t\t\t<\/div>\n\t\t\t\t<\/div>\n\t\t\t\t<\/div>\n\t\t<div class=\"elementor-element elementor-element-5b0482d e-con-full e-flex e-con e-child\" data-id=\"5b0482d\" data-element_type=\"container\" data-e-type=\"container\">\n\t\t\t\t<div class=\"elementor-element elementor-element-055b4ba elementor-widget elementor-widget-tx_contact_info elh-el tx_contact_info\" data-id=\"055b4ba\" data-element_type=\"widget\" data-e-type=\"widget\" data-settings=\"{&quot;design_style&quot;:&quot;style_4&quot;}\" data-widget_type=\"tx_contact_info.default\">\n\t\t\t\t<div class=\"elementor-widget-container\">\n\t\t\t\t\t<div class=\"fti-contact-us-wrap\">\r\n    <div class=\"action-wrap\">\r\n        <div class=\"action bg-default\" data-background=\"https:\/\/draftsolutions.com.br\/wp-content\/uploads\/2024\/09\/contact-us-bg.webp\">\r\n                        <div class=\"item\">\r\n                                <span class=\"icon\">\r\n                                            <i aria-hidden=\"true\" class=\"fas fa-map-marker-alt\"><\/i>                                    <\/span>\r\n                \r\n                <div>\r\n                                        <h6 class=\"fti-heading-3 action-title\">Subsidiary Barcarena<\/h6>\r\n                    \r\n                                        <span class=\"action-text\">R.16 de abril, n\u00ba 3, QD 326, LT 03, Vila dos Cabanos - Barcarena\/PA<\/span>\r\n                                    <\/div>\r\n            <\/div>\r\n                    <\/div>\r\n    <\/div>\r\n<\/div>\t\t\t\t<\/div>\n\t\t\t\t<\/div>\n\t\t\t\t<div class=\"elementor-element elementor-element-7204288 elementor-widget elementor-widget-tx_contact_info elh-el tx_contact_info\" data-id=\"7204288\" data-element_type=\"widget\" data-e-type=\"widget\" data-settings=\"{&quot;design_style&quot;:&quot;style_4&quot;}\" data-widget_type=\"tx_contact_info.default\">\n\t\t\t\t<div class=\"elementor-widget-container\">\n\t\t\t\t\t<div class=\"fti-contact-us-wrap\">\r\n    <div class=\"action-wrap\">\r\n        <div class=\"action bg-default\" data-background=\"https:\/\/draftsolutions.com.br\/wp-content\/uploads\/2024\/09\/contact-us-bg.webp\">\r\n                        <div class=\"item\">\r\n                                <span class=\"icon\">\r\n                                            <i aria-hidden=\"true\" class=\"fas fa-map-marker-alt\"><\/i>                                    <\/span>\r\n                \r\n                <div>\r\n                                        <h6 class=\"fti-heading-3 action-title\">Subsidiary Parauapebas<\/h6>\r\n                    \r\n                                        <span class=\"action-text\">R. F, n\u00ba 336, Cidade Nova \u2013 Parauapebas\/PA<\/span>\r\n                                    <\/div>\r\n            <\/div>\r\n                    <\/div>\r\n    <\/div>\r\n<\/div>\t\t\t\t<\/div>\n\t\t\t\t<\/div>\n\t\t\t\t<div class=\"elementor-element elementor-element-069b1ee elementor-widget elementor-widget-tx_contact_info elh-el tx_contact_info\" data-id=\"069b1ee\" data-element_type=\"widget\" data-e-type=\"widget\" data-settings=\"{&quot;design_style&quot;:&quot;style_4&quot;}\" data-widget_type=\"tx_contact_info.default\">\n\t\t\t\t<div class=\"elementor-widget-container\">\n\t\t\t\t\t<div class=\"fti-contact-us-wrap\">\r\n    <div class=\"action-wrap\">\r\n        <div class=\"action bg-default\" data-background=\"https:\/\/draftsolutions.com.br\/wp-content\/uploads\/2024\/09\/contact-us-bg.webp\">\r\n                        <div class=\"item\">\r\n                                <span class=\"icon\">\r\n                                            <i aria-hidden=\"true\" class=\"fas fa-map-marker-alt\"><\/i>                                    <\/span>\r\n                \r\n                <div>\r\n                                        <h6 class=\"fti-heading-3 action-title\">Subsidiary Santos<\/h6>\r\n                    \r\n                                        <span class=\"action-text\">Rua Paran\u00e1, 182 Vila Mathias \u2014 Santos, SP<\/span>\r\n                                    <\/div>\r\n            <\/div>\r\n                    <\/div>\r\n    <\/div>\r\n<\/div>\t\t\t\t<\/div>\n\t\t\t\t<\/div>\n\t\t\t\t<\/div>\n\t\t\t\t<\/div>\n\t\t<div class=\"elementor-element elementor-element-dbde2e9 e-con-full e-flex e-con e-child\" data-id=\"dbde2e9\" data-element_type=\"container\" data-e-type=\"container\">\n\t\t\t\t<\/div>\n\t\t\t\t<\/div>\n\t\t\t\t\t<\/div>\n\t\t\t\t<\/div>\n\t\t<div class=\"elementor-element elementor-element-93f41f8 e-flex e-con-boxed e-con e-parent\" data-id=\"93f41f8\" data-element_type=\"container\" data-e-type=\"container\">\n\t\t\t\t\t<div class=\"e-con-inner\">\n\t\t<div class=\"elementor-element elementor-element-1234d76 e-con-full e-flex e-con e-child\" data-id=\"1234d76\" data-element_type=\"container\" data-e-type=\"container\">\n\t\t\t\t<div class=\"elementor-element elementor-element-d45e58a elementor-widget elementor-widget-tx_heading elh-el tx_heading\" data-id=\"d45e58a\" data-element_type=\"widget\" data-e-type=\"widget\" data-settings=\"{&quot;design_style&quot;:&quot;style_1&quot;}\" data-widget_type=\"tx_heading.default\">\n\t\t\t\t<div class=\"elementor-widget-container\">\n\t\t\t\t\t<div class=\"services-title-wrap tx-heading-section\">\r\n        <h5 class=\"fti-subtitle-4 tx-subTitle\"><\/h5>\r\n    <h2 class=\"tx-title fti-section-title-4 fti-split-text fti-split-in-right-4\">Contact Us<\/h2>    <\/div>\t\t\t\t<\/div>\n\t\t\t\t<\/div>\n\t\t\t\t<div class=\"elementor-element elementor-element-c3644c0 elementor-widget__width-initial elementor-widget elementor-widget-text-editor\" data-id=\"c3644c0\" data-element_type=\"widget\" data-e-type=\"widget\" data-widget_type=\"text-editor.default\">\n\t\t\t\t<div class=\"elementor-widget-container\">\n\t\t\t\t\t\t\t\t\t<p>Need a solution for your project or enterprise? Email us at:<br> <a href=\"mailto:comercial@draftsolutions.com.br\"><strong>comercial@draftsolutions.com.br<\/strong><\/a><\/p>\t\t\t\t\t\t\t\t<\/div>\n\t\t\t\t<\/div>\n\t\t\t\t<\/div>\n\t\t\t\t\t<\/div>\n\t\t\t\t<\/div>\n\t\t\t\t<\/div>","protected":false},"excerpt":{"rendered":"<p>Contato Fale Conosco Na Draft Solutions, damos grande import\u00e2ncia a uma comunica\u00e7\u00e3o aberta e transparente com nossos parceiros, colaboradores e a sociedade em geral. Desejamos saber sua opini\u00e3o, cr\u00edtica e sugest\u00e3o, para trabalhar em conjunto na busca por solu\u00e7\u00f5es que tragam benef\u00edcios a todos. Queremos te ouvir, deixe sua mensagem\u00a0abaixo. Formul\u00e1rio Contato Matriz Belo Horizonte [&hellip;]<\/p>","protected":false},"author":1,"featured_media":0,"parent":0,"menu_order":0,"comment_status":"closed","ping_status":"closed","template":"elementor_header_footer","meta":{"_acf_changed":false,"inline_featured_image":false,"footnotes":""},"class_list":["post-68","page","type-page","status-publish","hentry"],"acf":[],"_links":{"self":[{"href":"https:\/\/draftsolutions.com.br\/en\/wp-json\/wp\/v2\/pages\/68","targetHints":{"allow":["GET"]}}],"collection":[{"href":"https:\/\/draftsolutions.com.br\/en\/wp-json\/wp\/v2\/pages"}],"about":[{"href":"https:\/\/draftsolutions.com.br\/en\/wp-json\/wp\/v2\/types\/page"}],"author":[{"embeddable":true,"href":"https:\/\/draftsolutions.com.br\/en\/wp-json\/wp\/v2\/users\/1"}],"replies":[{"embeddable":true,"href":"https:\/\/draftsolutions.com.br\/en\/wp-json\/wp\/v2\/comments?post=68"}],"version-history":[{"count":87,"href":"https:\/\/draftsolutions.com.br\/en\/wp-json\/wp\/v2\/pages\/68\/revisions"}],"predecessor-version":[{"id":6029,"href":"https:\/\/draftsolutions.com.br\/en\/wp-json\/wp\/v2\/pages\/68\/revisions\/6029"}],"wp:attachment":[{"href":"https:\/\/draftsolutions.com.br\/en\/wp-json\/wp\/v2\/media?parent=68"}],"curies":[{"name":"wp","href":"https:\/\/api.w.org\/{rel}","templated":true}]}}