{"id":5460,"date":"2025-02-17T16:30:23","date_gmt":"2025-02-17T16:30:23","guid":{"rendered":"https:\/\/draftsolutions.com.br\/?page_id=5460"},"modified":"2025-03-20T13:28:10","modified_gmt":"2025-03-20T13:28:10","slug":"politica-de-privacidade","status":"publish","type":"page","link":"https:\/\/draftsolutions.com.br\/en\/politica-de-privacidade\/","title":{"rendered":"Privacy Policy"},"content":{"rendered":"<div data-elementor-type=\"wp-page\" data-elementor-id=\"5460\" class=\"elementor elementor-5460\" data-elementor-post-type=\"page\">\n\t\t\t\t\t\t<section class=\"elementor-section elementor-top-section elementor-element elementor-element-718a114 elementor-section-full_width elementor-section-height-default elementor-section-height-default\" data-id=\"718a114\" data-element_type=\"section\" data-e-type=\"section\">\n\t\t\t\t\t\t<div class=\"elementor-container elementor-column-gap-default\">\n\t\t\t\t\t<div class=\"elementor-column elementor-col-100 elementor-top-column elementor-element elementor-element-595c5d8\" data-id=\"595c5d8\" data-element_type=\"column\" data-e-type=\"column\">\n\t\t\t<div class=\"elementor-widget-wrap\">\n\t\t\t\t\t\t\t<\/div>\n\t\t<\/div>\n\t\t\t\t\t<\/div>\n\t\t<\/section>\n\t\t<div class=\"elementor-element elementor-element-84623f5 e-flex e-con-boxed e-con e-parent\" data-id=\"84623f5\" data-element_type=\"container\" data-e-type=\"container\">\n\t\t\t\t\t<div class=\"e-con-inner\">\n\t\t<div class=\"elementor-element elementor-element-0ace2c9 e-con-full e-flex e-con e-child\" data-id=\"0ace2c9\" data-element_type=\"container\" data-e-type=\"container\">\n\t\t\t\t<div class=\"elementor-element elementor-element-326ead8 elementor-widget__width-initial elementor-widget elementor-widget-text-editor\" data-id=\"326ead8\" data-element_type=\"widget\" data-e-type=\"widget\" data-widget_type=\"text-editor.default\">\n\t\t\t\t<div class=\"elementor-widget-container\">\n\t\t\t\t\t\t\t\t\t<p>Website Address: Our website address is: https:\/\/draftsolutions.com.br.<\/p><p><b>Terms of Use:<\/b> Use of this website is subject to the clauses outlined on this page and applies to all users, whether registered or not, requiring full compliance. Failure to comply may result in legal and extrajudicial measures. By accessing this site, it is assumed that you have read the most recent version of these Terms of Use. Furthermore, we consider that you have agreed to all the conditions indicated.<\/p><p><b>What Personal Data We Collect and Why:<\/b> When you visit this site, we create several cookies to save your access data and screen display choices, such as content language preferences. For users with private access, login cookies are maintained for two days. If you select \u201cRemember Me,\u201d your access will be maintained for two weeks. If you log out of your account, the login cookies will be removed. General cookies are kept indefinitely until you clear them from your browser.<\/p><p><b>Embedded Content from Other Websites:<\/b> Articles on this site may include embedded content (e.g., videos, images, articles, etc.). Embedded content from other websites behaves in exactly the same way as if the visitor were visiting the other website. These sites may collect data about you, use cookies, embed additional third-party tracking, and monitor your interaction with this embedded content, including tracking your interaction if you have an account and are logged in to that website.<\/p><p><b>Personal Data:<\/b> By default, we do not collect any data for analytics. However, our hosting service collects some anonymous data for technical analysis only. We do not share any personal data of our users, except in cases of legal requests in accordance with current legislation. We employ various technical measures such as encryption, authentication security protocols, and data protection training for our staff.<\/p><p><b>Further Clarification:<\/b> If you have any questions regarding our privacy policy, please contact us through our communication channels available in the main menu. We reserve the right to make changes to our website usage policy without prior notice to our users.<\/p>\t\t\t\t\t\t\t\t<\/div>\n\t\t\t\t<\/div>\n\t\t\t\t<\/div>\n\t\t\t\t\t<\/div>\n\t\t\t\t<\/div>\n\t\t\t\t<\/div>","protected":false},"excerpt":{"rendered":"<p>O endere\u00e7o do nosso site \u00e9: https:\/\/draftsolutions.com.br. Pol\u00edtica de uso: O uso do site \u00e9 sujeito aos itens dispostos nas cl\u00e1usulas contidas nesta p\u00e1gina e sujeito a todos os usu\u00e1rios, cadastrados ou n\u00e3o ao seu cumprimento integral. O desrespeito pode acarretar em medidas judiciais e extrajudiciais. Ao acessar o site gera o pressuposto de que [&hellip;]<\/p>","protected":false},"author":1,"featured_media":0,"parent":0,"menu_order":0,"comment_status":"closed","ping_status":"closed","template":"elementor_header_footer","meta":{"_acf_changed":false,"inline_featured_image":false,"footnotes":""},"class_list":["post-5460","page","type-page","status-publish","hentry"],"acf":[],"_links":{"self":[{"href":"https:\/\/draftsolutions.com.br\/en\/wp-json\/wp\/v2\/pages\/5460","targetHints":{"allow":["GET"]}}],"collection":[{"href":"https:\/\/draftsolutions.com.br\/en\/wp-json\/wp\/v2\/pages"}],"about":[{"href":"https:\/\/draftsolutions.com.br\/en\/wp-json\/wp\/v2\/types\/page"}],"author":[{"embeddable":true,"href":"https:\/\/draftsolutions.com.br\/en\/wp-json\/wp\/v2\/users\/1"}],"replies":[{"embeddable":true,"href":"https:\/\/draftsolutions.com.br\/en\/wp-json\/wp\/v2\/comments?post=5460"}],"version-history":[{"count":7,"href":"https:\/\/draftsolutions.com.br\/en\/wp-json\/wp\/v2\/pages\/5460\/revisions"}],"predecessor-version":[{"id":5783,"href":"https:\/\/draftsolutions.com.br\/en\/wp-json\/wp\/v2\/pages\/5460\/revisions\/5783"}],"wp:attachment":[{"href":"https:\/\/draftsolutions.com.br\/en\/wp-json\/wp\/v2\/media?parent=5460"}],"curies":[{"name":"wp","href":"https:\/\/api.w.org\/{rel}","templated":true}]}}